{"id":644,"date":"2018-06-18T14:12:35","date_gmt":"2018-06-18T17:12:35","guid":{"rendered":"https:\/\/isfd67-bue.infd.edu.ar\/sitio\/?page_id=644"},"modified":"2025-10-29T09:46:28","modified_gmt":"2025-10-29T12:46:28","slug":"carreras","status":"publish","type":"page","link":"https:\/\/isfd67-bue.infd.edu.ar\/sitio\/carreras\/","title":{"rendered":"CARRERAS"},"content":{"rendered":"\n<div class=\"wp-block-buttons is-layout-flex\">\n<div class=\"wp-block-button has-custom-width wp-block-button__width-50\"><a class=\"wp-block-button__link wp-element-button\">CARRERAS DOCENTES<\/a><\/div>\n<\/div>\n\n\n\n<h3 class=\"wp-block-heading alignwide has-light-green-cyan-to-vivid-green-cyan-gradient-background has-background\">Profesorado en Educaci\u00f3n F\u00edsica  &#8211; Resoluci\u00f3n 2432\/09&nbsp;Duraci\u00f3n: 4 a\u00f1os<\/h3>\n\n\n\n<h3 class=\"wp-block-heading alignwide has-light-green-cyan-to-vivid-green-cyan-gradient-background has-background\">Profesorado en Educaci\u00f3n Inicial &#8211; Resoluci\u00f3n 4154\/07 &nbsp;Duraci\u00f3n: 4 a\u00f1os<\/h3>\n\n\n\n<h3 class=\"wp-block-heading alignwide has-light-green-cyan-to-vivid-green-cyan-gradient-background has-background\">Profesorado en Educaci\u00f3n Especial (Orientaci\u00f3n Intelectuales) &#8211; Resoluci\u00f3n 1009\/09 Duraci\u00f3n: 4 a\u00f1os<\/h3>\n\n\n\n<div class=\"wp-block-buttons is-layout-flex\">\n<div class=\"wp-block-button has-custom-width wp-block-button__width-50\"><a class=\"wp-block-button__link wp-element-button\">CARRERAS T\u00c9CNICAS<\/a><\/div>\n<\/div>\n\n\n\n<h3 class=\"wp-block-heading alignwide has-luminous-vivid-amber-to-luminous-vivid-orange-gradient-background has-background\">Tecnicatura Superior en Tiempo Libre y Recreaci\u00f3n &#8211; Resoluci\u00f3n 3783\/22 &nbsp;Duraci\u00f3n: 3 a\u00f1os.     <mark style=\"background-color:rgba(0, 0, 0, 0)\" class=\"has-inline-color has-accent-color\">\u00a1Novedad!<\/mark><\/h3>\n\n\n\n<h3 class=\"wp-block-heading alignwide has-luminous-vivid-amber-to-luminous-vivid-orange-gradient-background has-background\">Tecnicatura Superior en Turismo&nbsp;\u2013 Resoluci\u00f3n 2686\/20 \u2013 3 a\u00f1os <mark style=\"background-color:rgba(0, 0, 0, 0)\" class=\"has-inline-color has-accent-color\">\u00a1Novedad!<\/mark><\/h3>\n\n\n\n<h3 class=\"wp-block-heading alignwide has-luminous-vivid-amber-to-luminous-vivid-orange-gradient-background has-background\">Tecnicatura Superior en Acompa\u00f1amiento Terap\u00e9utico &#8211; Resoluci\u00f3n 1221\/15 \u2013 3 a\u00f1os<\/h3>\n\n\n\n<div class=\"wp-block-buttons is-layout-flex\">\n<div class=\"wp-block-button has-custom-width wp-block-button__width-50\"><a class=\"wp-block-button__link wp-element-button\">RESOLUCIONES y CORRELATIVAS<\/a><\/div>\n<\/div>\n\n\n\n<p class=\"has-very-light-gray-to-cyan-bluish-gray-gradient-background has-background\">Puedes descargar las <strong>resoluciones<\/strong> haciendo clic  en el <a href=\"https:\/\/drive.google.com\/drive\/u\/1\/folders\/1gUjyaf29OTnSk0pBGWoRvLoHl0qaDW-W\" data-type=\"URL\" data-id=\"https:\/\/drive.google.com\/drive\/u\/1\/folders\/1gUjyaf29OTnSk0pBGWoRvLoHl0qaDW-W\"> <\/a><a href=\"https:\/\/drive.google.com\/drive\/folders\/1tDrr7Asqu5JnXbInsiaA2pkoNSpsaGrH?usp=drive_link\" target=\"_blank\" rel=\"noreferrer noopener\">enlace<\/a><\/p>\n\n\n\n<p class=\"has-very-light-gray-to-cyan-bluish-gray-gradient-background has-background\">Pueden descargar las&nbsp;<strong>correlativas<\/strong>&nbsp;desde el siguiente&nbsp;<a href=\"https:\/\/drive.google.com\/drive\/u\/1\/folders\/1JExmPTLiDVTqMmQJncml1x3SRCjsVSNm\" data-type=\"URL\" data-id=\"https:\/\/drive.google.com\/drive\/u\/1\/folders\/1JExmPTLiDVTqMmQJncml1x3SRCjsVSNm\">enlace<\/a><\/p>\n","protected":false},"excerpt":{"rendered":"<p>Profesorado en Educaci\u00f3n F\u00edsica &#8211; Resoluci\u00f3n 2432\/09&nbsp;Duraci\u00f3n: 4 a\u00f1os Profesorado en Educaci\u00f3n Inicial &#8211; Resoluci\u00f3n 4154\/07 &nbsp;Duraci\u00f3n: 4 a\u00f1os Profesorado en Educaci\u00f3n Especial (Orientaci\u00f3n Intelectuales) &#8211; Resoluci\u00f3n 1009\/09 Duraci\u00f3n: 4 a\u00f1os Tecnicatura Superior en Tiempo Libre y Recreaci\u00f3n &#8211; Resoluci\u00f3n 3783\/22 &nbsp;Duraci\u00f3n: 3 a\u00f1os. \u00a1Novedad! Tecnicatura Superior en Turismo&nbsp;\u2013 Resoluci\u00f3n 2686\/20 \u2013 3 a\u00f1os \u00a1Novedad! &#8230; <a title=\"CARRERAS\" class=\"read-more\" href=\"https:\/\/isfd67-bue.infd.edu.ar\/sitio\/carreras\/\" aria-label=\"More on CARRERAS\">[+]<\/a><\/p>\n","protected":false},"author":1,"featured_media":0,"parent":0,"menu_order":0,"comment_status":"closed","ping_status":"closed","template":"","meta":[],"acf":[],"_links":{"self":[{"href":"https:\/\/isfd67-bue.infd.edu.ar\/sitio\/wp-json\/wp\/v2\/pages\/644"}],"collection":[{"href":"https:\/\/isfd67-bue.infd.edu.ar\/sitio\/wp-json\/wp\/v2\/pages"}],"about":[{"href":"https:\/\/isfd67-bue.infd.edu.ar\/sitio\/wp-json\/wp\/v2\/types\/page"}],"author":[{"embeddable":true,"href":"https:\/\/isfd67-bue.infd.edu.ar\/sitio\/wp-json\/wp\/v2\/users\/1"}],"replies":[{"embeddable":true,"href":"https:\/\/isfd67-bue.infd.edu.ar\/sitio\/wp-json\/wp\/v2\/comments?post=644"}],"version-history":[{"count":21,"href":"https:\/\/isfd67-bue.infd.edu.ar\/sitio\/wp-json\/wp\/v2\/pages\/644\/revisions"}],"predecessor-version":[{"id":876,"href":"https:\/\/isfd67-bue.infd.edu.ar\/sitio\/wp-json\/wp\/v2\/pages\/644\/revisions\/876"}],"wp:attachment":[{"href":"https:\/\/isfd67-bue.infd.edu.ar\/sitio\/wp-json\/wp\/v2\/media?parent=644"}],"curies":[{"name":"wp","href":"https:\/\/api.w.org\/{rel}","templated":true}]}}